{"id":28,"date":"2016-11-26T12:39:07","date_gmt":"2016-11-26T12:39:07","guid":{"rendered":"http:\/\/jenacopterlabs.de\/?page_id=28"},"modified":"2017-04-20T12:09:38","modified_gmt":"2017-04-20T11:09:38","slug":"geo409-data-exploration-in-remote-sensing","status":"publish","type":"page","link":"https:\/\/jenacopterlabs.de\/?page_id=28","title":{"rendered":"GEO409 Data Exploration in Remote Sensing"},"content":{"rendered":"<p><strong><img loading=\"lazy\" decoding=\"async\" class=\"aligncenter size-full wp-image-424\" src=\"http:\/\/jenacopterlabs.de\/wp-content\/uploads\/2017\/03\/SP-stand-leaf-off-2.png\" alt=\"sp-stand-leaf-off-2\" width=\"1851\" height=\"1037\" srcset=\"https:\/\/jenacopterlabs.de\/wp-content\/uploads\/2017\/03\/SP-stand-leaf-off-2.png 1851w, https:\/\/jenacopterlabs.de\/wp-content\/uploads\/2017\/03\/SP-stand-leaf-off-2-300x168.png 300w, https:\/\/jenacopterlabs.de\/wp-content\/uploads\/2017\/03\/SP-stand-leaf-off-2-768x430.png 768w, https:\/\/jenacopterlabs.de\/wp-content\/uploads\/2017\/03\/SP-stand-leaf-off-2-1024x574.png 1024w\" sizes=\"auto, (max-width: 1851px) 100vw, 1851px\" \/><\/strong><\/p>\n<p><strong>Inhalt:<\/strong><\/p>\n<p>Das Modul vermittelt fortgeschrittene Kenntnisse \u00fcber weiterf\u00fchrende theoretische und praktische Grundlagen der angewandten Bildverarbeitung in der Fernerkundung. Inhalte sind fortgeschrittene Satellitendaten- und UAV-Daten-Vorverarbeitungsverfahren, Bildklassifikations- und Bildverarbeitungstechniken unter Verwendung von Expertensystemen der Objekt orientierten Bildverarbeitung mittels nicht-parametrischer\u00a0 Klassierungsverfahren. Die praktische Schulung findet im Schwerpunkt mit den Softwareumgebungen Trimble eCognition und R statt. Einige Analysen\/Verarbeitungsschritte werden in GRASS\/Geomatica, Adobe Lightroom, Agisoft Photoscan erarbeitet. Weitere Softwarepakete mit Relevanz sind DroneDeploy, Quick Terrain Reader (QTR) und DJI GO iOS-Implementierungen. \u00a0Gegenstand der \u00dcbungen sind fortgeschrittene Verfahren der systematischen Datenvorverarbeitung, Merkmalsanalytik und Methodenentwicklung auf Basis r\u00e4umlich sehr hochaufl\u00f6sender (VHR) Fernerkundungsdaten und UAV Daten in ausgesuchten aktuellen Anwendungsszenarien. Der theoretische Teil des Moduls wird von den Studierenden in Referat, Software-Demo, Ausarbeitung und Diskussion erarbeitet. Einige \u00dcbungen werden in 2-w\u00f6chigem Turnus erarbeitet. Zur Unterst\u00fctzung werden eingeschaltete \u201eCatch-Up\u201c Termine angeboten. Studierende sollten am Ende des Moduls \u00fcber ein Repertoire von methodischen und praktischen Kenntnissen verf\u00fcgen, welches zur selbstst\u00e4ndigen wiss. Arbeit in verschiedenen Anwendungsszenarien von VHR Daten (Satellitendaten\/Flugzeugdaten\/UAV Daten) bef\u00e4higt.<\/p>\n<p><strong>Veranstaltungsplanung | Themenlistung:<\/strong><\/p>\n<p><u>Einf\u00fchrungsveranstaltung: <\/u>\u00a0Themen\u00fcberblick | Modulvorstellung | Praxis-Themenvorstellung | Referat-Themenvergabe | Erl\u00e4uterungen zur Modul-\/Bewertungsstruktur | Software | Literatur | Software-Reader | Tutoriumstermine\/Tutorenvorstellung (if any).<\/p>\n<p><strong>GRASS \u2013 Open Source EO data analysis<\/strong> (functionality, importing data, data preprocessing and analysis), R Integration in GRASS, d-\/g-\/r-\/i-\/v-commands, g.region, g.gisenv, r.in.gdal, g.list, d.mon, d.rast, r.info\/report\/stats, r.univar, r.mapcalc, r.covar, r.regression, r.atcorr, gstat), software demo.<\/p>\n<p>Project work: introduction to eCognition \u2013 basics of OBIA for urban impervious surface classification in percent \u2013 segmentation in multiple levels, working with different scales, class-related sub-object features, (exporting to R, reading data, plotting data and exporting results).\u00a0Berlin: block level &#8211; inheritance vers groups hierarchy, impervious,\u00a0percent mapping with two levels and comparison with SenV statistics.<\/p>\n<p><strong>The OBIA paradigm &#8211; object oriented image classification \u2013<\/strong> context and relations in image analysis \u2013 introduction to eCognition, R intro: installing, extensions, handling, interface, simple plotting) , software demo.<\/p>\n<p>Project work: introduction to eCognition \u2013 basics of object based image processing (OBIA) class\/process hierarchy development, inheritance vers. groups hierarchy, sample editor, membership function definition (manual vers. automatic), thematic layer integration, process\/class h. export to shapefile and csv export (\u201cexport object statistics\u201d) &amp; R import for attribute analysis.\u00a0Th\u00fcringen. Introduction to supervised Classification concepts in eC: exporting classifier statistics, Membership Function, Sample Editor, Landcover Classification using supervised sample based membership functions (\u201cclassifier\u201d process, for train, apply and query of supervised\u00a0 Bayes, KNN, SVM, Decision Tree, RF).<\/p>\n<p><strong>Segmentation of image data:<\/strong> methods, applications, overview, eCognition segmentation strategies, Halcon, ENVI Segmentation (R: exporting to R, reading data, 2D plotting, graphical display modes and exporting results to R), software demo.<\/p>\n<p>Stelen Counting (Mahnmal), Segmentoptimierung und Neighbourhood relations,\u00a0introduction to relational features (number of stelenobjects in search radius to every stelen object). Shape\/direction parametrisation. Introduction to\u00a0\u201cCustomized Algorithms\u201d\u00a0variables in eCognition.<\/p>\n<p><strong>UAV Data Mapping \u2013 operation of UAVs, UAV sensors, data types, formats, data preprocessing and SfM processing of image data to georeferenced point clouds, DGMs and ortho image mosaics, POI flight modi, corridor mapping, App based nadir mapping, \u00a0<\/strong>analysis strategies\/software solutions (introduction to Adobe Lightroom and Agisoft Photoscan, workflow and chunk handling, processing time and multicore options, LASTools (las and laz\/obj file formats), point cloud height normalisation, interpolation to raster data, import of point cloud data in laz format to eCognition and OBIA point cloud classification in eCogntion).<\/p>\n<p><strong>UAV Lab exercise &amp; in the field flight planning:<\/strong> Practical data mapping situation (on vegetation) using a Phantom 4Pro\/3A and DroneDeploy iOS based mapping software \u2013 (date depending on weather conditions \u2013 tbd).<\/p>\n<p>Lab exercises: mapping exercise using a 4ha test area (Paradise parc region with grassland and tree vegetation and\/or \u201cJena Experiment\u201d region mapping in coop. with the &#8220;Jena Experiment&#8221; Team).<\/p>\n<p><strong>Adobe Lightroom introduction:\u00a0<\/strong>importing RAW DNG files, DNG file handling, preprocessing CA correction, profile application, geometric correction, noise reduction and sharpening.<\/p>\n<p><strong>Agisoft Photoscan introduction (UNIX based demo):\u00a0<\/strong>importing GPS tagged JPEGs, workflow and performance considerations, products (point clouds\/orthos\/DGM) and processing options.<\/p>\n<p><strong>UAV application scenario:<\/strong> Species classification in cm resolution data, shape and volume classification, point densities calculation, DGM parameter derivation.<\/p>\n<p><strong>Local max and valley following, Template Matching concepts in image data classifications for forest applications,<\/strong> how to build a 2.5D shape based multistage classification system (R: box plotting in R and advanced plotting commands in R, uni vari. statistics in R) , software demo.<\/p>\n<p>Project work: building an effective class hierarchy for deciduous tree object classification (Sanssouci landscape parc, Potsdam), process-hierarchy design for object shape optimisation, designing a process hierarchy, introduction to<\/p>\n<ol>\n<li>\u201clocal maximum\u201d and<\/li>\n<li>\u201cTemplate matching\u201d concept\/analysis in high res. DSM data for individual tree top detection.<\/li>\n<li>Masking techniques,<\/li>\n<\/ol>\n<p>data: HRSC-A multispectral data and normalised DSM data, Potsdam,\u00a0Ex.: Extension &amp; optimisation techniques for deciduous tree top object classifications \/ growth thresholds.<\/p>\n<p><strong>Structural image object classification<\/strong> (from pixels to objects to structures in urban regions), (R: geo support in R: extensions, formats, projections, classification in R), software demo.<\/p>\n<p>Data analysis strategies: concept development\/hypothesis \u2013 conceptual model of reality \u2013 integration \u2013 validation \u2013 visualisation, from Image Processing objectives to effective implementation \u2013 guidelines for a structured approach, robust &amp; transferable image data features, what2avoid, 2h lab-exercises +2h tutorial. Introduction to<\/p>\n<ol>\n<li>Array, Array Variables,<\/li>\n<li>Maps, and synchroniziging maps<\/li>\n<li>local processing using PPO(0) and \u201cwhile expressions\u201d with \u201ccurrent image object\u201d domain definition<\/li>\n<li>counted definition in \u201ccurrent image object\u201d definition for \u201cwhile constructions\u201d.<\/li>\n<li>Calculating of in-between Object directions.<\/li>\n<\/ol>\n<p>Exercise: Project work: Berlin-vers-K\u00f6ln, urban structural concepts (ring vers. 2 ring vers. Modular, vegetation connectivity, transect analysis \u2026)<\/p>\n<p>Ex.: <em>object-oriented classification<\/em> of urban land use, structural urban land use mapping with airborne &amp; orbital data \u2013 classification in different segmentation levels, horizontal and vertical object\/class relations, relational custom features for neighbourhood image structure analysis, data: Quickbird\/Ultracam data Berlin\/Germany, \u00a0data analysis strategies: concept development\/hypothesis \u2013 conceptual model of reality \u2013 integration \u2013 validation \u2013 visualisation, from image processing objectives to effective implementation \u2013 guidelines for a structured approach, robust &amp; transferable image data features, what2avoid,<\/p>\n<p><strong>Auto correlation measures, Morans I index, Geary C<\/strong>,<strong> Variogram Analysis<\/strong>, Shape &amp; Texture for Earth Observation Data Analysis, are scale robust shape descriptions possible? Overview, implementations, software alternatives, feature groups (R: auto correlation and Geostatistics, multivariate statistics in R, software demo.\u00a0Local max and template matching revisited \u2013 image correlation with multiple templates, tree species classification using a VHR copter DCM datasets and multispectral data to derive a multidimensional correlation surface for species discrimination.<\/p>\n<p>Intro to\u00a0working with multiple maps,\u00a0intersect sync of maps,\u00a0working with multiple templates and adjusting threshold functions.<\/p>\n<p><strong>Landscape metrics for urban structure mapping, software, data types, metrics definitions <\/strong>(fragstat, R and GRASS r.li.setup, r.li.patchnum, r.li.richness, r.li.simpson), software demo<\/p>\n<p><strong>Change detection \u2013 methods, algorithms, concepts, problems in Earth observation based change analysis<\/strong> (multi data change\/ two date change \/ post classification change analysis. Limitations using multi-date segmentations, shape-change? What is change?, software demo,<\/p>\n<p>Project work: 3-Date spectral change signature mapping,\u00a0Ex.: tsunami event impact mapping, maps concept for object based multi-date change mapping [SH], data: uncorrected multitemporal Rapideye data (Japan) from 2010 (original status), 2011 post tsunami 12.3.2011 and first recover status 8.2011&amp;2012), optional: Lena River Delta change Analysis.<\/p>\n<p><strong>LIDaR and photogrammetric Point Cloud Data Import and Volume and 3D Shape Analysis <\/strong>import\/interpolation\/interpretation: applications, limitations, most recent developments (R? \/ Geomatica\/LASTools, analysis approaches), software demo. \u00a0Project work: point cloud importing from ASCII xyz data files, conversion, interpolation and gridding to DSM, nDSM processing using an urban regional normalization approach.<\/p>\n<p>Scenario work: nDSM calculation with local min detection in various search radi, nDSM based cadastre update for the urban area of the city Erfurt. Data fusion with the SGK Erfurt and change mapping scenario for Erfurt.<\/p>\n<p><strong>Final Session 3.2.<\/strong> <em>(2x2h) r<\/em>esults reviewed, demo solutions, summing up, results review\/409 review\/lecture reader design definitions\/open ULE Modul-discussion (SH).<\/p>\n<p><em><strong>2 SWS presentations, software demo, discussion + 2SWS lab exercises<\/strong> <\/em><\/p>\n<p><em>Rapideye\/Ultrcam\/Quickbird\/Ikonos Erdbeobachtungsdaten der praktischen GEO409-Modul\u00fcbungen d\u00fcrfen ohne vorherige Genehmigung <u>nicht <\/u>in anderen Projekten oder wiss. <\/em><em>Arbeiten genutzt werden! Dies betrifft auch kleine Datensatzausschnitte! <\/em><\/p>\n<p><em><u>Literature: <\/u><\/em><\/p>\n<ul>\n<li><em>Liang, S., (editor) 2008. Quantitative Remote Sensing of Land Surfaces, J.Wiley &amp; Sons, ISBN: 0471281662; <\/em><\/li>\n<li><em>Neteler, M., Mitasova, H., 2010. Open Source GIS: A GRASS GIS Approach, 3<sup>rd<\/sup> Edition, Kluwer Academic Publishers, SECS773, ISBN-13:978-1-4419-4206-7 <\/em><\/li>\n<li><em>Barnsley, M.J., 2007. Environmental Modeling, A Practical Introduction, CRC Press, Taylor&amp;Francis, ISBN-10: 0415300541<\/em><\/li>\n<li><em>Trimble eCognition Users Guide\/Tutorials\/Working Note<\/em><\/li>\n<li><a href=\"http:\/\/www.agisoft.com\/downloads\/user-manuals\/\">Agisoft Manuals<\/a> \/\/ las\/laz format documentation \u00a0\/ Working Note<\/li>\n<li>Adobe Lightroom CC documentation \/ <a href=\"https:\/\/helpx.adobe.com\/de\/lightroom\/user-guide.html\">online<\/a> and PDF provided<\/li>\n<li>LASTools documentation (<a href=\"https:\/\/rapidlasso.com\/lastools\/\">online<\/a>)<\/li>\n<li>ATCOR Working Note<\/li>\n<\/ul>\n<p>Moodle Online study support.<\/p>\n<p>A contribution to the <a href=\"http:\/\/www.mscgeoinf.uni-jena.de\">Master of Science Geoinformatics<\/a>\u00a0study program of the <a href=\"http:\/\/www.eo.uni-jena.de\">Earth observation department<\/a> of FSU Jena.<\/p>\n<p><img loading=\"lazy\" decoding=\"async\" class=\"aligncenter size-full wp-image-321\" src=\"http:\/\/jenacopterlabs.de\/wp-content\/uploads\/2017\/01\/SMH-P4Pro17-20170105-1944.jpg\" alt=\"smh-p4pro17-20170105-1944\" width=\"810\" height=\"608\" srcset=\"https:\/\/jenacopterlabs.de\/wp-content\/uploads\/2017\/01\/SMH-P4Pro17-20170105-1944.jpg 810w, https:\/\/jenacopterlabs.de\/wp-content\/uploads\/2017\/01\/SMH-P4Pro17-20170105-1944-300x225.jpg 300w, https:\/\/jenacopterlabs.de\/wp-content\/uploads\/2017\/01\/SMH-P4Pro17-20170105-1944-768x576.jpg 768w\" sizes=\"auto, (max-width: 810px) 100vw, 810px\" \/><\/p>\n","protected":false},"excerpt":{"rendered":"<p>Inhalt: Das Modul vermittelt fortgeschrittene Kenntnisse \u00fcber weiterf\u00fchrende theoretische und praktische Grundlagen der angewandten Bildverarbeitung in der Fernerkundung. Inhalte sind fortgeschrittene Satellitendaten- und UAV-Daten-Vorverarbeitungsverfahren, Bildklassifikations- und Bildverarbeitungstechniken unter Verwendung von Expertensystemen der Objekt orientierten Bildverarbeitung mittels nicht-parametrischer\u00a0 Klassierungsverfahren. Die praktische Schulung findet im Schwerpunkt mit den Softwareumgebungen Trimble eCognition und R statt. Einige Analysen\/Verarbeitungsschritte werden in GRASS\/Geomatica, Adobe Lightroom, Agisoft&#46;&#46;&#46;<\/p>\n","protected":false},"author":1,"featured_media":0,"parent":18,"menu_order":1,"comment_status":"closed","ping_status":"closed","template":"","meta":{"_uag_custom_page_level_css":"","footnotes":""},"class_list":["post-28","page","type-page","status-publish","hentry"],"uagb_featured_image_src":{"full":false,"thumbnail":false,"medium":false,"medium_large":false,"large":false,"1536x1536":false,"2048x2048":false,"post-thumbnail":false,"cd-small":false,"cd-medium":false,"cd-standard":false},"uagb_author_info":{"display_name":"S\u00f6ren Hese","author_link":"https:\/\/jenacopterlabs.de\/?author=1"},"uagb_comment_info":0,"uagb_excerpt":"Inhalt: Das Modul vermittelt fortgeschrittene Kenntnisse \u00fcber weiterf\u00fchrende theoretische und praktische Grundlagen der angewandten Bildverarbeitung in der Fernerkundung. Inhalte sind fortgeschrittene Satellitendaten- und UAV-Daten-Vorverarbeitungsverfahren, Bildklassifikations- und Bildverarbeitungstechniken unter Verwendung von Expertensystemen der Objekt orientierten Bildverarbeitung mittels nicht-parametrischer\u00a0 Klassierungsverfahren. Die praktische Schulung findet im Schwerpunkt mit den Softwareumgebungen Trimble eCognition und R statt. Einige Analysen\/Verarbeitungsschritte werden&hellip;","_links":{"self":[{"href":"https:\/\/jenacopterlabs.de\/index.php?rest_route=\/wp\/v2\/pages\/28","targetHints":{"allow":["GET"]}}],"collection":[{"href":"https:\/\/jenacopterlabs.de\/index.php?rest_route=\/wp\/v2\/pages"}],"about":[{"href":"https:\/\/jenacopterlabs.de\/index.php?rest_route=\/wp\/v2\/types\/page"}],"author":[{"embeddable":true,"href":"https:\/\/jenacopterlabs.de\/index.php?rest_route=\/wp\/v2\/users\/1"}],"replies":[{"embeddable":true,"href":"https:\/\/jenacopterlabs.de\/index.php?rest_route=%2Fwp%2Fv2%2Fcomments&post=28"}],"version-history":[{"count":13,"href":"https:\/\/jenacopterlabs.de\/index.php?rest_route=\/wp\/v2\/pages\/28\/revisions"}],"predecessor-version":[{"id":481,"href":"https:\/\/jenacopterlabs.de\/index.php?rest_route=\/wp\/v2\/pages\/28\/revisions\/481"}],"up":[{"embeddable":true,"href":"https:\/\/jenacopterlabs.de\/index.php?rest_route=\/wp\/v2\/pages\/18"}],"wp:attachment":[{"href":"https:\/\/jenacopterlabs.de\/index.php?rest_route=%2Fwp%2Fv2%2Fmedia&parent=28"}],"curies":[{"name":"wp","href":"https:\/\/api.w.org\/{rel}","templated":true}]}}