{"id":489,"date":"2017-06-15T11:23:21","date_gmt":"2017-06-15T10:23:21","guid":{"rendered":"http:\/\/jenacopterlabs.de\/?page_id=489"},"modified":"2017-06-15T12:17:24","modified_gmt":"2017-06-15T11:17:24","slug":"lehrbefliegung-fur-geo214","status":"publish","type":"page","link":"https:\/\/jenacopterlabs.de\/?page_id=489","title":{"rendered":"Lehrbefliegung f\u00fcr GEO214"},"content":{"rendered":"<p style=\"text-align: justify;\"><strong>Report zur Lehrbefliegung f\u00fcr die GEO214 (Fernerkundung II) &#8211; zur UAV \u00dcbung &#8211; vom 13.6.2017 s\u00fcdlich von Jena Stadt. <\/strong><\/p>\n<p style=\"text-align: justify;\">DJI Phantom 4 Pro Einsatz, vollst\u00e4ndig automatischer Befliegungsmodus programmiert in Drone Deploy (mit manueller Landung), \u00a0POI Flug &amp; \u00fcberlappender Nadir Flug, RTH Punkt update, 90% \u00dcberlappung in x und y Richtung, 106 Fotos full-res, aus 60m Flugh\u00f6he bei max 4m\/s und Wind zwischen 2 und 4Bf.<\/p>\n<p style=\"text-align: justify;\">Flugplanung in <a href=\"https:\/\/www.dronedeploy.com\">DroneDeploy<\/a> (iOS Version), RTH und Statusabfrage in DJI Go (iPhone Version), Bilddatenprozessierung in <a href=\"http:\/\/www.adobe.com\/de\/creativecloud\/photography.html?sdid=V6NZKW2K&amp;mv=search&amp;s_kwcid=AL!3085!3!190877164689!e!!g!!lightroom&amp;ef_id=WDv9dQAAAF2PZBmg:20170615111627:s\">Adobe LR6<\/a> und Punktwolkenberechnung\/DEM und Orthomosaik Berechnung in <a href=\"http:\/\/www.agisoft.com\">Agisoft Photoscan<\/a> 1.2.6, Punktwolkenvisualisierung in QT Reader, Punktdaten und Orthobild-Datenauswertung in Geo214 in Trimble eCognition.<\/p>\n<p style=\"text-align: justify;\">Point Cloud Screenshots aus dem QTReader:<\/p>\n<p><img loading=\"lazy\" decoding=\"async\" class=\"aligncenter size-full wp-image-499\" src=\"http:\/\/jenacopterlabs.de\/wp-content\/uploads\/2017\/06\/fig6.jpg\" alt=\"fig6\" width=\"2728\" height=\"1622\" srcset=\"https:\/\/jenacopterlabs.de\/wp-content\/uploads\/2017\/06\/fig6.jpg 2728w, https:\/\/jenacopterlabs.de\/wp-content\/uploads\/2017\/06\/fig6-300x178.jpg 300w, https:\/\/jenacopterlabs.de\/wp-content\/uploads\/2017\/06\/fig6-768x457.jpg 768w, https:\/\/jenacopterlabs.de\/wp-content\/uploads\/2017\/06\/fig6-1024x609.jpg 1024w\" sizes=\"auto, (max-width: 2728px) 100vw, 2728px\" \/><\/p>\n<p><img loading=\"lazy\" decoding=\"async\" class=\"aligncenter size-full wp-image-500\" src=\"http:\/\/jenacopterlabs.de\/wp-content\/uploads\/2017\/06\/fig7.jpg\" alt=\"fig7\" width=\"2786\" height=\"1670\" srcset=\"https:\/\/jenacopterlabs.de\/wp-content\/uploads\/2017\/06\/fig7.jpg 2786w, https:\/\/jenacopterlabs.de\/wp-content\/uploads\/2017\/06\/fig7-300x180.jpg 300w, https:\/\/jenacopterlabs.de\/wp-content\/uploads\/2017\/06\/fig7-768x460.jpg 768w, https:\/\/jenacopterlabs.de\/wp-content\/uploads\/2017\/06\/fig7-1024x614.jpg 1024w\" sizes=\"auto, (max-width: 2786px) 100vw, 2786px\" \/><\/p>\n<p><img loading=\"lazy\" decoding=\"async\" class=\"aligncenter size-full wp-image-498\" src=\"http:\/\/jenacopterlabs.de\/wp-content\/uploads\/2017\/06\/fig5.jpg\" alt=\"fig5\" width=\"1000\" height=\"602\" srcset=\"https:\/\/jenacopterlabs.de\/wp-content\/uploads\/2017\/06\/fig5.jpg 1000w, https:\/\/jenacopterlabs.de\/wp-content\/uploads\/2017\/06\/fig5-300x181.jpg 300w, https:\/\/jenacopterlabs.de\/wp-content\/uploads\/2017\/06\/fig5-768x462.jpg 768w\" sizes=\"auto, (max-width: 1000px) 100vw, 1000px\" \/><\/p>\n<p><strong><img loading=\"lazy\" decoding=\"async\" class=\"aligncenter size-full wp-image-491\" src=\"http:\/\/jenacopterlabs.de\/wp-content\/uploads\/2017\/06\/fig1.jpg\" alt=\"fig1\" width=\"994\" height=\"952\" srcset=\"https:\/\/jenacopterlabs.de\/wp-content\/uploads\/2017\/06\/fig1.jpg 994w, https:\/\/jenacopterlabs.de\/wp-content\/uploads\/2017\/06\/fig1-300x287.jpg 300w, https:\/\/jenacopterlabs.de\/wp-content\/uploads\/2017\/06\/fig1-768x736.jpg 768w\" sizes=\"auto, (max-width: 994px) 100vw, 994px\" \/> <img loading=\"lazy\" decoding=\"async\" class=\"aligncenter size-full wp-image-492\" src=\"http:\/\/jenacopterlabs.de\/wp-content\/uploads\/2017\/06\/fig3.jpg\" alt=\"fig3\" width=\"1118\" height=\"1016\" srcset=\"https:\/\/jenacopterlabs.de\/wp-content\/uploads\/2017\/06\/fig3.jpg 1118w, https:\/\/jenacopterlabs.de\/wp-content\/uploads\/2017\/06\/fig3-300x273.jpg 300w, https:\/\/jenacopterlabs.de\/wp-content\/uploads\/2017\/06\/fig3-768x698.jpg 768w, https:\/\/jenacopterlabs.de\/wp-content\/uploads\/2017\/06\/fig3-1024x931.jpg 1024w\" sizes=\"auto, (max-width: 1118px) 100vw, 1118px\" \/> <img loading=\"lazy\" decoding=\"async\" class=\"aligncenter size-full wp-image-493\" src=\"http:\/\/jenacopterlabs.de\/wp-content\/uploads\/2017\/06\/fig4.jpg\" alt=\"fig4\" width=\"1110\" height=\"934\" srcset=\"https:\/\/jenacopterlabs.de\/wp-content\/uploads\/2017\/06\/fig4.jpg 1110w, https:\/\/jenacopterlabs.de\/wp-content\/uploads\/2017\/06\/fig4-300x252.jpg 300w, https:\/\/jenacopterlabs.de\/wp-content\/uploads\/2017\/06\/fig4-768x646.jpg 768w, https:\/\/jenacopterlabs.de\/wp-content\/uploads\/2017\/06\/fig4-1024x862.jpg 1024w\" sizes=\"auto, (max-width: 1110px) 100vw, 1110px\" \/> <img loading=\"lazy\" decoding=\"async\" class=\"aligncenter size-full wp-image-494\" src=\"http:\/\/jenacopterlabs.de\/wp-content\/uploads\/2017\/06\/tab0.jpg\" alt=\"tab0\" width=\"1066\" height=\"454\" srcset=\"https:\/\/jenacopterlabs.de\/wp-content\/uploads\/2017\/06\/tab0.jpg 1066w, https:\/\/jenacopterlabs.de\/wp-content\/uploads\/2017\/06\/tab0-300x128.jpg 300w, https:\/\/jenacopterlabs.de\/wp-content\/uploads\/2017\/06\/tab0-768x327.jpg 768w, https:\/\/jenacopterlabs.de\/wp-content\/uploads\/2017\/06\/tab0-1024x436.jpg 1024w\" sizes=\"auto, (max-width: 1066px) 100vw, 1066px\" \/> <img loading=\"lazy\" decoding=\"async\" class=\"aligncenter size-full wp-image-495\" src=\"http:\/\/jenacopterlabs.de\/wp-content\/uploads\/2017\/06\/tab1.jpg\" alt=\"tab1\" width=\"886\" height=\"202\" srcset=\"https:\/\/jenacopterlabs.de\/wp-content\/uploads\/2017\/06\/tab1.jpg 886w, https:\/\/jenacopterlabs.de\/wp-content\/uploads\/2017\/06\/tab1-300x68.jpg 300w, https:\/\/jenacopterlabs.de\/wp-content\/uploads\/2017\/06\/tab1-768x175.jpg 768w\" sizes=\"auto, (max-width: 886px) 100vw, 886px\" \/><\/strong><\/p>\n<p>Cameras: 106<\/p>\n<p>Aligned: 106<\/p>\n<p>Coordinate System: WGS84<\/p>\n<p>Points: 102451 &#8211; dense cloud: 31 mio<\/p>\n<p>RMS reprojection error: 0.165 (0.59 pix)<\/p>\n<p>Map reprojection error: 0.498 (41.32 pix) (based on GPS coordinates)<\/p>\n<p>DEM: 6680&#215;6760 pix WGS84 UTM 32N, base height (relative): \u00a0x=, y=, z=<\/p>\n<p>Ortho mosaic: 12242 x 13066 pix (2cm res.), WGS84 UTM32N, 3 channels uint8 Bit, \u00a0mosaic.<\/p>\n<p>&nbsp;<\/p>\n<p><strong>Drone Deploy Phantom 4 pro Flugplanungssoftware (App basierte Flugplanung &#8211; iPhone Version):\u00a0<\/strong><\/p>\n<p><img loading=\"lazy\" decoding=\"async\" class=\"aligncenter wp-image-506\" src=\"http:\/\/jenacopterlabs.de\/wp-content\/uploads\/2017\/06\/dronedeploy1.png\" alt=\"dronedeploy1\" width=\"341\" height=\"951\" \/> <img loading=\"lazy\" decoding=\"async\" class=\"aligncenter wp-image-507\" src=\"http:\/\/jenacopterlabs.de\/wp-content\/uploads\/2017\/06\/dronedeploy2.png\" alt=\"dronedeploy2\" width=\"340\" height=\"598\" \/> <img loading=\"lazy\" decoding=\"async\" class=\"aligncenter wp-image-508\" src=\"http:\/\/jenacopterlabs.de\/wp-content\/uploads\/2017\/06\/dronedeploy3.png\" alt=\"dronedeploy3\" width=\"339\" height=\"644\" \/><\/p>\n<p>&nbsp;<\/p>\n<p>&nbsp;<\/p>\n","protected":false},"excerpt":{"rendered":"<p>Report zur Lehrbefliegung f\u00fcr die GEO214 (Fernerkundung II) &#8211; zur UAV \u00dcbung &#8211; vom 13.6.2017 s\u00fcdlich von Jena Stadt. DJI Phantom 4 Pro Einsatz, vollst\u00e4ndig automatischer Befliegungsmodus programmiert in Drone Deploy (mit manueller Landung), \u00a0POI Flug &amp; \u00fcberlappender Nadir Flug, RTH Punkt update, 90% \u00dcberlappung in x und y Richtung, 106 Fotos full-res, aus 60m Flugh\u00f6he bei max 4m\/s und&#46;&#46;&#46;<\/p>\n","protected":false},"author":1,"featured_media":0,"parent":18,"menu_order":0,"comment_status":"closed","ping_status":"closed","template":"","meta":{"_uag_custom_page_level_css":"","footnotes":""},"class_list":["post-489","page","type-page","status-publish","hentry"],"uagb_featured_image_src":{"full":false,"thumbnail":false,"medium":false,"medium_large":false,"large":false,"1536x1536":false,"2048x2048":false,"post-thumbnail":false,"cd-small":false,"cd-medium":false,"cd-standard":false},"uagb_author_info":{"display_name":"S\u00f6ren Hese","author_link":"https:\/\/jenacopterlabs.de\/?author=1"},"uagb_comment_info":0,"uagb_excerpt":"Report zur Lehrbefliegung f\u00fcr die GEO214 (Fernerkundung II) &#8211; zur UAV \u00dcbung &#8211; vom 13.6.2017 s\u00fcdlich von Jena Stadt. DJI Phantom 4 Pro Einsatz, vollst\u00e4ndig automatischer Befliegungsmodus programmiert in Drone Deploy (mit manueller Landung), \u00a0POI Flug &amp; \u00fcberlappender Nadir Flug, RTH Punkt update, 90% \u00dcberlappung in x und y Richtung, 106 Fotos full-res, aus 60m&hellip;","_links":{"self":[{"href":"https:\/\/jenacopterlabs.de\/index.php?rest_route=\/wp\/v2\/pages\/489","targetHints":{"allow":["GET"]}}],"collection":[{"href":"https:\/\/jenacopterlabs.de\/index.php?rest_route=\/wp\/v2\/pages"}],"about":[{"href":"https:\/\/jenacopterlabs.de\/index.php?rest_route=\/wp\/v2\/types\/page"}],"author":[{"embeddable":true,"href":"https:\/\/jenacopterlabs.de\/index.php?rest_route=\/wp\/v2\/users\/1"}],"replies":[{"embeddable":true,"href":"https:\/\/jenacopterlabs.de\/index.php?rest_route=%2Fwp%2Fv2%2Fcomments&post=489"}],"version-history":[{"count":12,"href":"https:\/\/jenacopterlabs.de\/index.php?rest_route=\/wp\/v2\/pages\/489\/revisions"}],"predecessor-version":[{"id":512,"href":"https:\/\/jenacopterlabs.de\/index.php?rest_route=\/wp\/v2\/pages\/489\/revisions\/512"}],"up":[{"embeddable":true,"href":"https:\/\/jenacopterlabs.de\/index.php?rest_route=\/wp\/v2\/pages\/18"}],"wp:attachment":[{"href":"https:\/\/jenacopterlabs.de\/index.php?rest_route=%2Fwp%2Fv2%2Fmedia&parent=489"}],"curies":[{"name":"wp","href":"https:\/\/api.w.org\/{rel}","templated":true}]}}