{"id":516,"date":"2017-08-30T12:49:08","date_gmt":"2017-08-30T11:49:08","guid":{"rendered":"http:\/\/jenacopterlabs.de\/?page_id=516"},"modified":"2018-01-31T22:01:29","modified_gmt":"2018-01-31T21:01:29","slug":"3d-point-cloud-mapping-for-archaeological-applications","status":"publish","type":"page","link":"https:\/\/jenacopterlabs.de\/?page_id=516","title":{"rendered":"3D Point Cloud Mapping for Archaeological Applications"},"content":{"rendered":"<p style=\"text-align: justify;\">The first flight campaign for the <a href=\"http:\/\/www.ufg.uni-jena.de\/Homepage.html\">Institute of Prehistoric and Protohistoric Archaeology<\/a> of the Friedrich-Schiller-University Jena started this\u00a0August 2017. Location is the region of the small hill &#8220;Alter Gleisberg&#8221; in Thuringia. The\u00a0plateau has a size of 500x250m (6.9ha) and levels at a height of 200 m. It is known for the\u00a0prehistoric settlement going back to the Neolithicum and the Early Bronze age. The Friedrich-Schiller-University is active yearly with archaeological excavation projects to understand intensity and development of these settlements and to study also the settlement impact on the landscape. More information about this project is available on the <a href=\"http:\/\/www.ufg.uni-jena.de\/Projekte\/Aktuelle+Projekte\/Vorgeschichte\/Alter+Gleisberg.html\">project page of the Institute of Prehistoric and Protohistoric Archaeology<\/a>.<\/p>\n<p style=\"text-align: justify;\"><img loading=\"lazy\" decoding=\"async\" class=\"aligncenter size-full wp-image-544\" src=\"http:\/\/jenacopterlabs.de\/wp-content\/uploads\/2017\/08\/SMH-GB17-20170815-d4c5abaf23a147c434e47d2a0105ac83-0926.jpg\" alt=\"smh-gb17-20170815-d4c5abaf23a147c434e47d2a0105ac83-0926\" width=\"1024\" height=\"625\" srcset=\"https:\/\/jenacopterlabs.de\/wp-content\/uploads\/2017\/08\/SMH-GB17-20170815-d4c5abaf23a147c434e47d2a0105ac83-0926.jpg 1024w, https:\/\/jenacopterlabs.de\/wp-content\/uploads\/2017\/08\/SMH-GB17-20170815-d4c5abaf23a147c434e47d2a0105ac83-0926-300x183.jpg 300w, https:\/\/jenacopterlabs.de\/wp-content\/uploads\/2017\/08\/SMH-GB17-20170815-d4c5abaf23a147c434e47d2a0105ac83-0926-768x469.jpg 768w\" sizes=\"auto, (max-width: 1024px) 100vw, 1024px\" \/><\/p>\n<p style=\"text-align: justify;\">Fig. 1 &#8211; The region of the &#8220;Alter Gleisberg&#8221; &#8211; a copter shot facing NE.<\/p>\n<p style=\"text-align: justify;\">In August 2017 three different Phantom 4 Pro flights with varying altitudes were done using DroneDeploy flight planning and manual control (very high resolution data mapping of the archeological excavation site). The copter data coverage and mapping creates 3D point cloud models in different scales, \u00a0ortho image mosaics (RGB), a digital surface\u00a0model of the full Gleisberg region and in combination with a winter flight campagn a digital terrain model is planned. Annual mapping of the excavation activities will lead to a full database of all surface mass movements for the next 5 years. For precise geo referencing a GNSS Stonex S3 DGPS system is used with 5 reference points in different terrain heights. Measurement is done in order to increase the alignment accuracy of the image database and to improve the absolute georeferencing accuracy of the resulting image datasets. Overall approx. 500 images were captured in DNG Raw image file format &#8211; each with 20 Megapixel resolution and GPS tagged from the Phantom 4 Pro copter. Data processing, DGPS reference point integration and point cloud calculation with full workflow to georferenced surface model and ortho image mosaic is done with <a href=\"http:\/\/www.agisoft.com\">Agisoft Photoscan Software<\/a>.<\/p>\n<p><img loading=\"lazy\" decoding=\"async\" class=\"aligncenter size-full wp-image-527\" src=\"http:\/\/jenacopterlabs.de\/wp-content\/uploads\/2017\/08\/SMH-GB17-20170815-6114683-9139.jpg\" alt=\"smh-gb17-20170815-6114683-9139\" width=\"1024\" height=\"683\" srcset=\"https:\/\/jenacopterlabs.de\/wp-content\/uploads\/2017\/08\/SMH-GB17-20170815-6114683-9139.jpg 1024w, https:\/\/jenacopterlabs.de\/wp-content\/uploads\/2017\/08\/SMH-GB17-20170815-6114683-9139-300x200.jpg 300w, https:\/\/jenacopterlabs.de\/wp-content\/uploads\/2017\/08\/SMH-GB17-20170815-6114683-9139-768x512.jpg 768w\" sizes=\"auto, (max-width: 1024px) 100vw, 1024px\" \/><\/p>\n<p><img loading=\"lazy\" decoding=\"async\" class=\"aligncenter size-full wp-image-528\" src=\"http:\/\/jenacopterlabs.de\/wp-content\/uploads\/2017\/08\/SMH-GB17-20170815-6114683-9140.jpg\" alt=\"smh-gb17-20170815-6114683-9140\" width=\"1024\" height=\"683\" srcset=\"https:\/\/jenacopterlabs.de\/wp-content\/uploads\/2017\/08\/SMH-GB17-20170815-6114683-9140.jpg 1024w, https:\/\/jenacopterlabs.de\/wp-content\/uploads\/2017\/08\/SMH-GB17-20170815-6114683-9140-300x200.jpg 300w, https:\/\/jenacopterlabs.de\/wp-content\/uploads\/2017\/08\/SMH-GB17-20170815-6114683-9140-768x512.jpg 768w\" sizes=\"auto, (max-width: 1024px) 100vw, 1024px\" \/><\/p>\n<p>Fig. 2 &amp; 3: The archaeological excavation site (before removing the tent for the flight campaign).<br \/>\n<img loading=\"lazy\" decoding=\"async\" class=\"aligncenter size-full wp-image-531\" src=\"http:\/\/jenacopterlabs.de\/wp-content\/uploads\/2017\/08\/SMH-GB17-20170815-6114683-9164.jpg\" alt=\"smh-gb17-20170815-6114683-9164\" width=\"1024\" height=\"683\" srcset=\"https:\/\/jenacopterlabs.de\/wp-content\/uploads\/2017\/08\/SMH-GB17-20170815-6114683-9164.jpg 1024w, https:\/\/jenacopterlabs.de\/wp-content\/uploads\/2017\/08\/SMH-GB17-20170815-6114683-9164-300x200.jpg 300w, https:\/\/jenacopterlabs.de\/wp-content\/uploads\/2017\/08\/SMH-GB17-20170815-6114683-9164-768x512.jpg 768w\" sizes=\"auto, (max-width: 1024px) 100vw, 1024px\" \/><\/p>\n<p>Fig. 4: DJI Phantom 4 Pro and the Stonex S3 receiver in Pelicase box systems (background: Phantom 3 Advance).<\/p>\n<p><img loading=\"lazy\" decoding=\"async\" class=\"aligncenter size-full wp-image-532\" src=\"http:\/\/jenacopterlabs.de\/wp-content\/uploads\/2017\/08\/SMH-GB17-20170815-d4c5abaf23a147c434e47d2a0105ac83-0052.jpg\" alt=\"smh-gb17-20170815-d4c5abaf23a147c434e47d2a0105ac83-0052\" width=\"1024\" height=\"682\" srcset=\"https:\/\/jenacopterlabs.de\/wp-content\/uploads\/2017\/08\/SMH-GB17-20170815-d4c5abaf23a147c434e47d2a0105ac83-0052.jpg 1024w, https:\/\/jenacopterlabs.de\/wp-content\/uploads\/2017\/08\/SMH-GB17-20170815-d4c5abaf23a147c434e47d2a0105ac83-0052-300x200.jpg 300w, https:\/\/jenacopterlabs.de\/wp-content\/uploads\/2017\/08\/SMH-GB17-20170815-d4c5abaf23a147c434e47d2a0105ac83-0052-768x512.jpg 768w\" sizes=\"auto, (max-width: 1024px) 100vw, 1024px\" \/><\/p>\n<p>Fig. 5: Fine scale flight campaign in 10m flight altitude. Example image in DNG RAW 20 Megapixel resolution.<br \/>\n<img loading=\"lazy\" decoding=\"async\" class=\"aligncenter size-full wp-image-534\" src=\"http:\/\/jenacopterlabs.de\/wp-content\/uploads\/2017\/08\/SMH-GB17-20170815-d4c5abaf23a147c434e47d2a0105ac83-0288.jpg\" alt=\"smh-gb17-20170815-d4c5abaf23a147c434e47d2a0105ac83-0288\" width=\"1024\" height=\"768\" srcset=\"https:\/\/jenacopterlabs.de\/wp-content\/uploads\/2017\/08\/SMH-GB17-20170815-d4c5abaf23a147c434e47d2a0105ac83-0288.jpg 1024w, https:\/\/jenacopterlabs.de\/wp-content\/uploads\/2017\/08\/SMH-GB17-20170815-d4c5abaf23a147c434e47d2a0105ac83-0288-300x225.jpg 300w, https:\/\/jenacopterlabs.de\/wp-content\/uploads\/2017\/08\/SMH-GB17-20170815-d4c5abaf23a147c434e47d2a0105ac83-0288-768x576.jpg 768w\" sizes=\"auto, (max-width: 1024px) 100vw, 1024px\" \/><\/p>\n<p>Fig. 6 Example shot &#8211; medium resolution flight altitude.<\/p>\n<p>First results of the 2017 mapping campaign processed to medium resolution point clouds (not using the full 20 Megapixel spatial resolution within the dense point cloud calculation step) shows accurate delineation of the archaeological dig.<\/p>\n<p>The following single image setup is created:<\/p>\n<p><img loading=\"lazy\" decoding=\"async\" class=\"aligncenter wp-image-548\" src=\"http:\/\/jenacopterlabs.de\/wp-content\/uploads\/2017\/08\/PastedGraphic-4.png\" alt=\"pastedgraphic-4\" width=\"963\" height=\"547\" srcset=\"https:\/\/jenacopterlabs.de\/wp-content\/uploads\/2017\/08\/PastedGraphic-4.png 2412w, https:\/\/jenacopterlabs.de\/wp-content\/uploads\/2017\/08\/PastedGraphic-4-300x170.png 300w, https:\/\/jenacopterlabs.de\/wp-content\/uploads\/2017\/08\/PastedGraphic-4-768x436.png 768w, https:\/\/jenacopterlabs.de\/wp-content\/uploads\/2017\/08\/PastedGraphic-4-1024x582.png 1024w\" sizes=\"auto, (max-width: 963px) 100vw, 963px\" \/><\/p>\n<p><img loading=\"lazy\" decoding=\"async\" class=\"aligncenter wp-image-549\" src=\"http:\/\/jenacopterlabs.de\/wp-content\/uploads\/2017\/08\/PastedGraphic-5.png\" alt=\"pastedgraphic-5\" width=\"971\" height=\"567\" srcset=\"https:\/\/jenacopterlabs.de\/wp-content\/uploads\/2017\/08\/PastedGraphic-5.png 2112w, https:\/\/jenacopterlabs.de\/wp-content\/uploads\/2017\/08\/PastedGraphic-5-300x175.png 300w, https:\/\/jenacopterlabs.de\/wp-content\/uploads\/2017\/08\/PastedGraphic-5-768x449.png 768w, https:\/\/jenacopterlabs.de\/wp-content\/uploads\/2017\/08\/PastedGraphic-5-1024x598.png 1024w\" sizes=\"auto, (max-width: 971px) 100vw, 971px\" \/><\/p>\n<p><img loading=\"lazy\" decoding=\"async\" class=\"aligncenter wp-image-550\" src=\"http:\/\/jenacopterlabs.de\/wp-content\/uploads\/2017\/08\/PastedGraphic-6.png\" alt=\"pastedgraphic-6\" width=\"954\" height=\"612\" srcset=\"https:\/\/jenacopterlabs.de\/wp-content\/uploads\/2017\/08\/PastedGraphic-6.png 1568w, https:\/\/jenacopterlabs.de\/wp-content\/uploads\/2017\/08\/PastedGraphic-6-300x192.png 300w, https:\/\/jenacopterlabs.de\/wp-content\/uploads\/2017\/08\/PastedGraphic-6-768x493.png 768w, https:\/\/jenacopterlabs.de\/wp-content\/uploads\/2017\/08\/PastedGraphic-6-1024x657.png 1024w\" sizes=\"auto, (max-width: 954px) 100vw, 954px\" \/><\/p>\n<p>Fig. 7-9: Detailed 3D Dense Point Cloud of the archaeological excavation site. Detailed mapping scale from 10 m flight altitude.<\/p>\n<p><img loading=\"lazy\" decoding=\"async\" class=\"aligncenter wp-image-551\" src=\"http:\/\/jenacopterlabs.de\/wp-content\/uploads\/2017\/08\/PastedGraphic-7.png\" alt=\"pastedgraphic-7\" width=\"971\" height=\"559\" srcset=\"https:\/\/jenacopterlabs.de\/wp-content\/uploads\/2017\/08\/PastedGraphic-7.png 2274w, https:\/\/jenacopterlabs.de\/wp-content\/uploads\/2017\/08\/PastedGraphic-7-300x173.png 300w, https:\/\/jenacopterlabs.de\/wp-content\/uploads\/2017\/08\/PastedGraphic-7-768x442.png 768w, https:\/\/jenacopterlabs.de\/wp-content\/uploads\/2017\/08\/PastedGraphic-7-1024x589.png 1024w\" sizes=\"auto, (max-width: 971px) 100vw, 971px\" \/><\/p>\n<p>Fig. 10: High altitude flight &#8211; 3D dense point cloud visualization\u00a0\u00a0(100m above terrain height) including the orbiting imaging mod<\/p>\n<p>&nbsp;<\/p>\n<p style=\"text-align: justify;\">Die unterschiedlichen Datens\u00e4tze der Befliegungen f\u00fcr die Grabungen auf dem\u00a0<a href=\"http:\/\/www.ufg.uni-jena.de\/Projekte\/Aktuelle+Projekte\/Vorgeschichte\/Alter+Gleisberg.html\">Alten Gleisberg<\/a> und bei\u00a0<a href=\"http:\/\/www.ufg.uni-jena.de\/Projekte\/Aktuelle+Projekte\/Fr\u00fchgeschichte\/Kuckenburg+_Kranzberg_\/Grabungskampagnen-p-124.html\">Kuckenburg<\/a> in 2017 sind nun vollst\u00e4ndig an das<a href=\"http:\/\/www.ufg.uni-jena.de\"> Seminar f\u00fcr Ur- und Fr\u00fchgeschichtliche Arch\u00e4ologie<\/a>\u00a0\u00fcbergeben worden. Die abgeleiteten Datenlayer umfassen jeweils Punktwolkenmodelle im LAS Format, DSM (Digitales Oberfl\u00e4chenmodell ohne Normalisierung) und jeweils das Orthomosaik mit Georeferenzierung von der Befliegung. Alle Daten wurden nach UTM32 WGS84 georeferenziert. Insgesamt wurden Daten im Umfang von \u00fcber 100 GB verarbeitet. Die Befliegungen fanden jeweils in drei verschiedenen Flugh\u00f6hen statt und liefern nun nach der Berechnung der Punktwolke eine cm-genaue Darstellung der Grabungsfl\u00e4chen bzw. deren 3D-Volumenwerte.<\/p>\n<p style=\"text-align: justify;\">Die pr\u00e4zise Verarbeitung und Georeferenzierung der Copter Daten von diesen Befliegungen ist durchaus aufw\u00e4ndig. Jedoch methodisch eher unproblematisch schritt. Schwieriger wird die pr\u00e4zise Punktwolkenfusion aus verschiedenen Grabungen werden. Hier ist die absolute Georeferenzierungsgenauigkeit entscheidend.<\/p>\n<p>&nbsp;<\/p>\n<p><img loading=\"lazy\" decoding=\"async\" class=\"aligncenter size-full wp-image-638\" src=\"http:\/\/jenacopterlabs.de\/wp-content\/uploads\/2018\/01\/Grabung.jpg\" alt=\"grabung\" width=\"1518\" height=\"886\" srcset=\"https:\/\/jenacopterlabs.de\/wp-content\/uploads\/2018\/01\/Grabung.jpg 1518w, https:\/\/jenacopterlabs.de\/wp-content\/uploads\/2018\/01\/Grabung-300x175.jpg 300w, https:\/\/jenacopterlabs.de\/wp-content\/uploads\/2018\/01\/Grabung-768x448.jpg 768w, https:\/\/jenacopterlabs.de\/wp-content\/uploads\/2018\/01\/Grabung-1024x598.jpg 1024w\" sizes=\"auto, (max-width: 1518px) 100vw, 1518px\" \/><\/p>\n<p>Abb. 1: Grabungsareal der Kuckenburg-Befliegung vom September 2017 (Tiefbefliegung mit der Phantom 4 Pro, Punktdatenmodell mit 70 Mio Punkten abgeleitet aus einem Bilddatenpool von 250 Fotos).<\/p>\n<p><img loading=\"lazy\" decoding=\"async\" class=\"aligncenter wp-image-640\" src=\"http:\/\/jenacopterlabs.de\/wp-content\/uploads\/2018\/01\/Abb-Kuckenbg3-Kopie.jpg\" alt=\"abb-kuckenbg3-kopie\" width=\"1511\" height=\"1030\" srcset=\"https:\/\/jenacopterlabs.de\/wp-content\/uploads\/2018\/01\/Abb-Kuckenbg3-Kopie-300x205.jpg 300w, https:\/\/jenacopterlabs.de\/wp-content\/uploads\/2018\/01\/Abb-Kuckenbg3-Kopie-768x525.jpg 768w\" sizes=\"auto, (max-width: 1511px) 100vw, 1511px\" \/><\/p>\n<p><img loading=\"lazy\" decoding=\"async\" class=\"aligncenter wp-image-642\" src=\"http:\/\/jenacopterlabs.de\/wp-content\/uploads\/2018\/01\/KuckenburgRGB-3Dpts.jpg\" alt=\"kuckenburgrgb-3dpts\" width=\"1510\" height=\"1110\" \/><\/p>\n<p>Abb. 2: Grabungsareal der Kuckenburg-Befliegung &#8211; Hochbefliegung.<\/p>\n<p><img loading=\"lazy\" decoding=\"async\" class=\"aligncenter wp-image-643\" src=\"http:\/\/jenacopterlabs.de\/wp-content\/uploads\/2018\/01\/AlterGleisbergHochbefliegg.jpg\" alt=\"altergleisberghochbefliegg\" width=\"1499\" height=\"1112\" \/><\/p>\n<p><img loading=\"lazy\" decoding=\"async\" class=\"aligncenter wp-image-644\" src=\"http:\/\/jenacopterlabs.de\/wp-content\/uploads\/2018\/01\/AlterGleisbergTeifbefliegg2.jpg\" alt=\"altergleisbergteifbefliegg2\" width=\"1471\" height=\"1183\" \/><\/p>\n<p>Abb. 3. Befliegung am alten Gleisberg &#8211; in dieser Abbildung: \u00a0das Punktmodell der Hochbefliegung vom August 2017.<\/p>\n<p><img loading=\"lazy\" decoding=\"async\" class=\"aligncenter wp-image-645\" src=\"http:\/\/jenacopterlabs.de\/wp-content\/uploads\/2018\/01\/AlterGleisbergDetailbefliegg.jpg\" alt=\"altergleisbergdetailbefliegg\" width=\"1456\" height=\"1012\" \/><\/p>\n<p>Abb. 4. Befliegung am Alten Gleisberg &#8211; Detailbefliegung des Grabungsareals.<\/p>\n","protected":false},"excerpt":{"rendered":"<p>The first flight campaign for the Institute of Prehistoric and Protohistoric Archaeology of the Friedrich-Schiller-University Jena started this\u00a0August 2017. Location is the region of the small hill &#8220;Alter Gleisberg&#8221; in Thuringia. The\u00a0plateau has a size of 500x250m (6.9ha) and levels at a height of 200 m. It is known for the\u00a0prehistoric settlement going back to the Neolithicum and the Early&#46;&#46;&#46;<\/p>\n","protected":false},"author":1,"featured_media":0,"parent":15,"menu_order":0,"comment_status":"closed","ping_status":"closed","template":"","meta":{"_uag_custom_page_level_css":"","footnotes":""},"class_list":["post-516","page","type-page","status-publish","hentry"],"uagb_featured_image_src":{"full":false,"thumbnail":false,"medium":false,"medium_large":false,"large":false,"1536x1536":false,"2048x2048":false,"post-thumbnail":false,"cd-small":false,"cd-medium":false,"cd-standard":false},"uagb_author_info":{"display_name":"S\u00f6ren Hese","author_link":"https:\/\/jenacopterlabs.de\/?author=1"},"uagb_comment_info":0,"uagb_excerpt":"The first flight campaign for the Institute of Prehistoric and Protohistoric Archaeology of the Friedrich-Schiller-University Jena started this\u00a0August 2017. Location is the region of the small hill &#8220;Alter Gleisberg&#8221; in Thuringia. The\u00a0plateau has a size of 500x250m (6.9ha) and levels at a height of 200 m. It is known for the\u00a0prehistoric settlement going back to&hellip;","_links":{"self":[{"href":"https:\/\/jenacopterlabs.de\/index.php?rest_route=\/wp\/v2\/pages\/516","targetHints":{"allow":["GET"]}}],"collection":[{"href":"https:\/\/jenacopterlabs.de\/index.php?rest_route=\/wp\/v2\/pages"}],"about":[{"href":"https:\/\/jenacopterlabs.de\/index.php?rest_route=\/wp\/v2\/types\/page"}],"author":[{"embeddable":true,"href":"https:\/\/jenacopterlabs.de\/index.php?rest_route=\/wp\/v2\/users\/1"}],"replies":[{"embeddable":true,"href":"https:\/\/jenacopterlabs.de\/index.php?rest_route=%2Fwp%2Fv2%2Fcomments&post=516"}],"version-history":[{"count":27,"href":"https:\/\/jenacopterlabs.de\/index.php?rest_route=\/wp\/v2\/pages\/516\/revisions"}],"predecessor-version":[{"id":651,"href":"https:\/\/jenacopterlabs.de\/index.php?rest_route=\/wp\/v2\/pages\/516\/revisions\/651"}],"up":[{"embeddable":true,"href":"https:\/\/jenacopterlabs.de\/index.php?rest_route=\/wp\/v2\/pages\/15"}],"wp:attachment":[{"href":"https:\/\/jenacopterlabs.de\/index.php?rest_route=%2Fwp%2Fv2%2Fmedia&parent=516"}],"curies":[{"name":"wp","href":"https:\/\/api.w.org\/{rel}","templated":true}]}}